{"id":84,"date":"2018-03-05T22:06:33","date_gmt":"2018-03-05T22:06:33","guid":{"rendered":"http:\/\/die-projektmacher.de\/?page_id=84"},"modified":"2018-03-05T22:06:47","modified_gmt":"2018-03-05T22:06:47","slug":"ueber-uns","status":"publish","type":"page","link":"http:\/\/die-projektmacher.de\/?page_id=84","title":{"rendered":"\u00dcber uns"},"content":{"rendered":"<h2><span style=\"font-family: verdana,geneva,sans-serif;\">Was wir bieten<\/span><\/h2>\n<p><span style=\"font-family: verdana,geneva,sans-serif;\">Unsere Kompetenzen liegen in der Prozessberatung und Softwareauswahl f\u00fcr Produktinformationsmanagement (PIM), Media Asset Management (MAM), Cross Media Publishing (CMP), \u00dcbersetzungsmanagement, Content Management (CMS) und e-Commerce. Als weitere Dienstleistungen bieten wir Projektmanagementleistungen f\u00fcr die Einf\u00fchrung von Software f\u00fcr PIM, MAM, CMP und e-Commerce an. Schlie\u00dflich unterst\u00fctzen wir unsere Kunden auch bei der Realisierung, durch die Konfiguration von Datenmodellen und der Altdaten\u00fcbernahme in PIM-Systeme.<\/span><\/p>\n<h2><span style=\"font-family: verdana,geneva,sans-serif;\">Wer wir sind<\/span><\/h2>\n<p><span style=\"font-family: verdana,geneva,sans-serif;\">Das Netzwerk aus erfahrenen Praktikern.<\/span><\/p>\n<ul style=\"list-style-type: square;\">\n<li><span style=\"font-family: verdana,geneva,sans-serif;\">Kundenorientiert \u2013 wir erarbeiten gemeinsam mit Ihnen die passende L\u00f6sung<\/span><\/li>\n<li><span style=\"font-family: verdana,geneva,sans-serif;\">L\u00f6sungsorientiert \u2013 wir sind herstellerunabh\u00e4ngig und leben nicht davon, da\u00df Sie eine bestimmte L\u00f6sung kaufen<\/span><\/li>\n<li><span style=\"font-family: verdana,geneva,sans-serif;\">Projektorientiert \u2013 wir arbeiten auf Basis von internationalen PM-Standards<\/span><\/li>\n<li><span style=\"font-family: verdana,geneva,sans-serif;\">Kritisch \u2013 wir hinterfragen Ihre Prozesse und zeigen Optimierungspotenzial auf<\/span><\/li>\n<\/ul>\n<h2><span style=\"font-family: verdana,geneva,sans-serif;\">Wie Sie uns erreichen<\/span><\/h2>\n<ul style=\"list-style-type: square;\">\n<li><span style=\"font-family: verdana,geneva,sans-serif;\">Telefon: 0821 &#8211; 453 27 28<\/span><\/li>\n<li><span style=\"font-family: verdana,geneva,sans-serif;\">Mobil: 0151 43 21 77 11<\/span><\/li>\n<li><span style=\"font-family: verdana,geneva,sans-serif;\">E-Mail: info@die-projektmacher.de<\/span><\/li>\n<\/ul>\n<h2><span style=\"font-family: verdana,geneva,sans-serif;\">Weitere Informationen<\/span><\/h2>\n<p><span style=\"font-family: verdana,geneva,sans-serif;\"><br \/>\n<a href=\"http:\/\/www.xing.com\/profile\/Stefan_Dierkes8\" target=\"_blank\" rel=\"me noopener\"><img loading=\"lazy\" decoding=\"async\" src=\"http:\/\/www.xing.com\/img\/buttons\/9_de_btn.gif\" alt=\"Stefan Dierkes\" width=\"80\" height=\"15\" \/><\/a><\/span><br \/>\n<span style=\"font-family: verdana,geneva,sans-serif;\"><a href=\"http:\/\/www.gulp.de\/Profil\/stdierkes.html\" target=\"_blank\" rel=\"me noopener\"><img decoding=\"async\" title=\"Meine GULP ID: 110089\" src=\"http:\/\/www.gulp.de\/images\/myGULP\/GULP_Profil.png\" alt=\"Meine GULP ID: 110089\" \/><\/a><\/span><br \/>\n<span style=\"font-family: verdana,geneva,sans-serif;\"><a href=\"http:\/\/www.vgsd.de\/brancheneintrag\/stefan-dierkes_c7032b7f\/\" target=\"_blank\" rel=\"me noopener\"><img loading=\"lazy\" decoding=\"async\" class=\"alignnone size-full wp-image-35\" src=\"http:\/\/die-projektmacher.de\/wp-content\/uploads\/2018\/02\/vgsd.png\" alt=\"\" width=\"78\" height=\"74\" \/><\/a><\/span><\/p>\n<hr \/>\n<p><span style=\"font-family: verdana,geneva,sans-serif;\"> <\/span><\/p>","protected":false},"excerpt":{"rendered":"<p>Was wir bieten Unsere Kompetenzen liegen in der Prozessberatung und Softwareauswahl f\u00fcr Produktinformationsmanagement (PIM), Media Asset Management (MAM), Cross Media Publishing (CMP), \u00dcbersetzungsmanagement, Content Management (CMS) und e-Commerce. Als weitere Dienstleistungen bieten wir Projektmanagementleistungen f\u00fcr die Einf\u00fchrung von Software f\u00fcr PIM, MAM, CMP und e-Commerce an. Schlie\u00dflich unterst\u00fctzen wir unsere Kunden auch bei der Realisierung, durch die Konfiguration von Datenmodellen und der Altdaten\u00fcbernahme in PIM-Systeme. Wer wir sind Das Netzwerk aus erfahrenen Praktikern. Kundenorientiert \u2013 wir erarbeiten gemeinsam mit Ihnen die passende L\u00f6sung L\u00f6sungsorientiert \u2013 wir sind herstellerunabh\u00e4ngig und leben nicht davon, da\u00df Sie eine bestimmte L\u00f6sung kaufen Projektorientiert \u2013 wir arbeiten auf Basis von<span class=\"more-link\"><a href=\"http:\/\/die-projektmacher.de\/?page_id=84\">Read More &rarr;<\/a><\/span><\/p>\n","protected":false},"author":1,"featured_media":0,"parent":0,"menu_order":0,"comment_status":"closed","ping_status":"closed","template":"","meta":{"footnotes":""},"class_list":["entry","author-sdierkes","post-84","page","type-page","status-publish"],"_links":{"self":[{"href":"http:\/\/die-projektmacher.de\/index.php?rest_route=\/wp\/v2\/pages\/84","targetHints":{"allow":["GET"]}}],"collection":[{"href":"http:\/\/die-projektmacher.de\/index.php?rest_route=\/wp\/v2\/pages"}],"about":[{"href":"http:\/\/die-projektmacher.de\/index.php?rest_route=\/wp\/v2\/types\/page"}],"author":[{"embeddable":true,"href":"http:\/\/die-projektmacher.de\/index.php?rest_route=\/wp\/v2\/users\/1"}],"replies":[{"embeddable":true,"href":"http:\/\/die-projektmacher.de\/index.php?rest_route=%2Fwp%2Fv2%2Fcomments&post=84"}],"version-history":[{"count":1,"href":"http:\/\/die-projektmacher.de\/index.php?rest_route=\/wp\/v2\/pages\/84\/revisions"}],"predecessor-version":[{"id":85,"href":"http:\/\/die-projektmacher.de\/index.php?rest_route=\/wp\/v2\/pages\/84\/revisions\/85"}],"wp:attachment":[{"href":"http:\/\/die-projektmacher.de\/index.php?rest_route=%2Fwp%2Fv2%2Fmedia&parent=84"}],"curies":[{"name":"wp","href":"https:\/\/api.w.org\/{rel}","templated":true}]}}